{"id":41,"date":"2024-01-10T06:48:43","date_gmt":"2024-01-10T06:48:43","guid":{"rendered":"https:\/\/mediumaquamarine-pig-345717.hostingersite.com\/about-us-3\/"},"modified":"2024-01-10T06:48:43","modified_gmt":"2024-01-10T06:48:43","slug":"about-us-3","status":"publish","type":"page","link":"https:\/\/microneedlingbeforeafter.com\/es\/about-us-3\/","title":{"rendered":"Sobre nosotros"},"content":{"rendered":"<h2>Sobre nosotros<\/h2>\n<p>En Microneedling Before &amp; After, nos dedicamos a brindar informaci\u00f3n precisa y confiable sobre la microaguja. Nuestro objetivo es mantenerlo al d\u00eda con los \u00faltimos avances en este apasionante campo, asegur\u00e1ndole acceso al conocimiento m\u00e1s actualizado y basado en la evidencia.<\/p>\n<h3>Mant\u00e9ngase actualizado<\/h3>\n<p>Entendemos la importancia de mantenerse informado sobre su rutina de cuidado de la piel. La microaguja se ha vuelto cada vez m\u00e1s popular como tratamiento no invasivo para diversas afecciones de la piel. En nuestro sitio web, puede acceder f\u00e1cilmente a fotos del antes y el despu\u00e9s de personas reales que se han sometido a tratamientos de microagujas. Estas im\u00e1genes ofrecen una representaci\u00f3n precisa de los resultados que puede esperar.<\/p>\n<h3>Informaci\u00f3n precisa y confiable<\/h3>\n<p>Creemos que el conocimiento es poder. Por eso nos esforzamos por brindarle informaci\u00f3n confiable sobre la microaguja. Nuestro equipo de expertos investiga cuidadosamente los beneficios, resultados, m\u00e9todos y dispositivos utilizados en los tratamientos de microagujas para garantizar que ofrecemos el contenido m\u00e1s preciso y confiable posible.<\/p>\n<h2>Nuestra misi\u00f3n<\/h2>\n<p>Nuestra misi\u00f3n en Microneedling Before &amp; After es ayudarte a tomar decisiones informadas sobre la microaguja. Buscamos conectar la creciente demanda de informaci\u00f3n imparcial con nuestra pasi\u00f3n por promover pr\u00e1cticas seguras y eficaces para el cuidado de la piel.<\/p>\n<h3>Fortaleciendo tu camino hacia el cuidado de la piel<\/h3>\n<p>Entendemos que la experiencia de cada persona con el cuidado de la piel es \u00fanica, y lo que funciona para una persona puede no funcionar para otra. Por eso, nos esforzamos por brindarle el conocimiento necesario para que pueda tomar decisiones informadas sobre la microaguja. Al presentarle im\u00e1genes aut\u00e9nticas del antes y el despu\u00e9s, y explicaciones detalladas, esperamos inspirarle confianza en su proceso de toma de decisiones.<\/p>\n<h3>Su recurso de confianza<\/h3>\n<p>A partir de la discusi\u00f3n de los diversos <a href=\"https:\/\/microneedlingbeforeafter.com\/es\/my-skin-didnt-peel-after-microneedling-unveiling-the-myths-and-facts\/\"  data-wpil-monitor-id=\"1946\">Microagujas para problemas de la piel<\/a> Desde la presentaci\u00f3n de los beneficios, resultados, m\u00e9todos y dispositivos, hasta la presentaci\u00f3n de los mismos, nuestro objetivo es ser su recurso de confianza para todo lo relacionado con la microaguja. Nuestra dedicaci\u00f3n a la precisi\u00f3n garantiza que pueda confiar en nosotros para obtener informaci\u00f3n veraz que podr\u00e1 incorporar con confianza a su rutina de cuidado de la piel.<\/p>\n<p>En Microneedling Before &amp; After, creemos que todos merecen acceso a informaci\u00f3n precisa y confiable sobre la microaguja. Ya sea que est\u00e9 considerando someterse a un tratamiento de microagujas o simplemente sienta curiosidad por sus posibles beneficios, estamos aqu\u00ed para guiarle en su camino hacia una piel m\u00e1s sana y radiante.<\/p>","protected":false},"excerpt":{"rendered":"<p>About Us At Microneedling Before &#038; After, we are dedicated to providing accurate and reliable information about microneedling. Our goal is to keep you up-to-date on all the latest advancements in this exciting field, ensuring you have access to the most current, evidence-based knowledge. Stay Up-to-Date We understand the importance of staying informed when it &hellip; <a href=\"https:\/\/microneedlingbeforeafter.com\/es\/about-us-3\/\" class=\"more-link\">Continuar leyendo<span class=\"screen-reader-text\"> &#8220;About Us&#8221;<\/span><\/a><\/p>","protected":false},"author":1,"featured_media":0,"parent":0,"menu_order":0,"comment_status":"closed","ping_status":"closed","template":"","meta":{"footnotes":""},"class_list":["post-41","page","type-page","status-publish","hentry"],"_links":{"self":[{"href":"https:\/\/microneedlingbeforeafter.com\/es\/wp-json\/wp\/v2\/pages\/41","targetHints":{"allow":["GET"]}}],"collection":[{"href":"https:\/\/microneedlingbeforeafter.com\/es\/wp-json\/wp\/v2\/pages"}],"about":[{"href":"https:\/\/microneedlingbeforeafter.com\/es\/wp-json\/wp\/v2\/types\/page"}],"author":[{"embeddable":true,"href":"https:\/\/microneedlingbeforeafter.com\/es\/wp-json\/wp\/v2\/users\/1"}],"replies":[{"embeddable":true,"href":"https:\/\/microneedlingbeforeafter.com\/es\/wp-json\/wp\/v2\/comments?post=41"}],"version-history":[{"count":1,"href":"https:\/\/microneedlingbeforeafter.com\/es\/wp-json\/wp\/v2\/pages\/41\/revisions"}],"predecessor-version":[{"id":2218,"href":"https:\/\/microneedlingbeforeafter.com\/es\/wp-json\/wp\/v2\/pages\/41\/revisions\/2218"}],"wp:attachment":[{"href":"https:\/\/microneedlingbeforeafter.com\/es\/wp-json\/wp\/v2\/media?parent=41"}],"curies":[{"name":"gracias","href":"https:\/\/api.w.org\/{rel}","templated":true}]}}