{"id":42,"date":"2024-01-10T06:49:08","date_gmt":"2024-01-10T06:49:08","guid":{"rendered":"https:\/\/mediumaquamarine-pig-345717.hostingersite.com\/contact-us-3\/"},"modified":"2024-01-11T12:48:43","modified_gmt":"2024-01-11T12:48:43","slug":"contact-us-3","status":"publish","type":"page","link":"https:\/\/microneedlingbeforeafter.com\/es\/contact-us-3\/","title":{"rendered":"Cont\u00e1ctenos"},"content":{"rendered":"<h2>Cont\u00e1ctenos<\/h2>\n<p>\u00a1Gracias por visitar Microneedling Before &amp; After! Valoramos sus comentarios, sugerencias y consultas. No dude en contactarnos utilizando la informaci\u00f3n de contacto que aparece a continuaci\u00f3n. Estaremos encantados de ayudarle en todo lo que podamos.<\/p>\n<h3>Consultas generales<\/h3>\n<p>Si tiene alguna pregunta, sugerencia o solicitud, no dude en contactarnos. Estamos aqu\u00ed para brindarle informaci\u00f3n precisa y confiable sobre la microaguja.<\/p>\n<p><strong>Correo electr\u00f3nico: microneedlingbeforeafter@gmail.com<\/strong><\/p>\n<p><strong>Env\u00edanos un mensaje<\/strong> :\u00a0<a href=\"https:\/\/wa.me\/message\/7R3NDT5OHXUTJ1\" target=\"_blank\" rel=\"noopener\">Microneedling Antes y Despu\u00e9s<\/a><\/p>\n<h3>Oportunidades de asociaci\u00f3n<\/h3>\n<p>Si le interesa colaborar o asociarse con Microneedling Before &amp; After, nos encantar\u00eda saber de usted. Ya sea una propuesta comercial, un patrocinio o una oportunidad publicitaria, cont\u00e1ctenos utilizando los datos de contacto que aparecen a continuaci\u00f3n.<\/p>\n<p><strong>Correo electr\u00f3nico: microneedlingbeforeafter@gmail.com<\/strong><\/p>\n<p><strong>Env\u00edanos un mensaje<\/strong> :\u00a0<a href=\"https:\/\/wa.me\/message\/7R3NDT5OHXUTJ1\" target=\"_blank\" rel=\"noopener\">Microneedling Antes y Despu\u00e9s<\/a><\/p>\n<h3>Informar problemas<\/h3>\n<p>Nos esforzamos por mantener los m\u00e1s altos est\u00e1ndares en nuestro sitio web y contenido. Si encuentra alg\u00fan problema t\u00e9cnico, enlaces rotos o tiene alguna duda sobre la precisi\u00f3n de la informaci\u00f3n, por favor, notif\u00edquenoslo de inmediato.<\/p>\n<h3>S\u00edganos<\/h3>\n<p>Mant\u00e9ngase al d\u00eda con nuestras redes sociales para estar al d\u00eda sobre la microaguja. Acceda a m\u00e1s im\u00e1genes del antes y el despu\u00e9s, adem\u00e1s de recibir la informaci\u00f3n m\u00e1s reciente, precisa y confiable.<\/p>\n<h3>Comentarios Agradecemos sus comentarios y sugerencias para mejorar continuamente nuestro sitio web y nuestro contenido.<\/h3>\n<h3>Si tiene alg\u00fan comentario, idea o sugerencia, no dude en contactarnos. Valoramos mucho su opini\u00f3n.<\/h3>\n<p>Esperamos poder hablar con usted y brindarle informaci\u00f3n precisa y confiable sobre la microaguja.<\/p>\n<p>\u00a1Gracias por elegir Microneedling Before &amp; After!<\/p>","protected":false},"excerpt":{"rendered":"<p>Cont\u00e1ctenos. \u00a1Gracias por visitar Microneedling Before &amp; After! Valoramos sus comentarios, sugerencias y consultas. No dude en contactarnos utilizando la informaci\u00f3n de contacto que aparece a continuaci\u00f3n. Estaremos encantados de ayudarle en todo lo que podamos. Consultas generales. Para cualquier pregunta, sugerencia o solicitud, no dude en... <a href=\"https:\/\/microneedlingbeforeafter.com\/es\/contact-us-3\/\" class=\"more-link\">Continuar leyendo<span class=\"screen-reader-text\"> \u201cCont\u00e1ctanos\u201d<\/span><\/a><\/p>","protected":false},"author":1,"featured_media":0,"parent":0,"menu_order":0,"comment_status":"closed","ping_status":"closed","template":"","meta":{"footnotes":""},"class_list":["post-42","page","type-page","status-publish","hentry"],"_links":{"self":[{"href":"https:\/\/microneedlingbeforeafter.com\/es\/wp-json\/wp\/v2\/pages\/42","targetHints":{"allow":["GET"]}}],"collection":[{"href":"https:\/\/microneedlingbeforeafter.com\/es\/wp-json\/wp\/v2\/pages"}],"about":[{"href":"https:\/\/microneedlingbeforeafter.com\/es\/wp-json\/wp\/v2\/types\/page"}],"author":[{"embeddable":true,"href":"https:\/\/microneedlingbeforeafter.com\/es\/wp-json\/wp\/v2\/users\/1"}],"replies":[{"embeddable":true,"href":"https:\/\/microneedlingbeforeafter.com\/es\/wp-json\/wp\/v2\/comments?post=42"}],"version-history":[{"count":4,"href":"https:\/\/microneedlingbeforeafter.com\/es\/wp-json\/wp\/v2\/pages\/42\/revisions"}],"predecessor-version":[{"id":99,"href":"https:\/\/microneedlingbeforeafter.com\/es\/wp-json\/wp\/v2\/pages\/42\/revisions\/99"}],"wp:attachment":[{"href":"https:\/\/microneedlingbeforeafter.com\/es\/wp-json\/wp\/v2\/media?parent=42"}],"curies":[{"name":"gracias","href":"https:\/\/api.w.org\/{rel}","templated":true}]}}