{"id":45,"date":"2024-01-10T06:50:38","date_gmt":"2024-01-10T06:50:38","guid":{"rendered":"https:\/\/mediumaquamarine-pig-345717.hostingersite.com\/terms-of-use-3\/"},"modified":"2024-01-11T12:47:28","modified_gmt":"2024-01-11T12:47:28","slug":"terms-of-use-3","status":"publish","type":"page","link":"https:\/\/microneedlingbeforeafter.com\/es\/terms-of-use-3\/","title":{"rendered":"Condiciones de uso"},"content":{"rendered":"<h2>Condiciones de uso<\/h2>\n<h3>Introducci\u00f3n<\/h3>\n<p>\u00a1Bienvenido a Microneedling Before &amp; After! Estos t\u00e9rminos de uso describen las normas y regulaciones para acceder y utilizar nuestro sitio web. Al acceder a este sitio web, asumimos que acepta estos t\u00e9rminos de uso. Abst\u00e9ngase de utilizar este sitio web si no est\u00e1 de acuerdo con todos los t\u00e9rminos que se indican a continuaci\u00f3n.<\/p>\n<h3>Licencia de uso<\/h3>\n<p>Salvo que se indique lo contrario, Microneedling Before &amp; After y\/o sus licenciantes poseen los derechos de propiedad intelectual de todo el contenido de este sitio web. Se le concede una licencia limitada para acceder y utilizar el contenido \u00fanicamente con fines informativos. Cualquier uso no autorizado podr\u00e1 acarrear consecuencias legales.<\/p>\n<h3>Restricciones de usuario<\/h3>\n<p>No debes:<\/p>\n<ol>\n<li>Republicar materiales de este sitio web sin la atribuci\u00f3n adecuada.<\/li>\n<li>Vender, alquilar o sublicenciar cualquier contenido de este sitio web.<\/li>\n<li>Copiar, reproducir o modificar el contenido, incluidos texto, im\u00e1genes y v\u00eddeos.<\/li>\n<li>Utilizar este sitio web de una manera que pueda causar da\u00f1o, interrupci\u00f3n o perjuicio al sitio o a sus usuarios.<\/li>\n<li>Participar en cualquier extracci\u00f3n de datos, pirater\u00eda u otras actividades ilegales en este sitio web.<\/li>\n<li>Participar en cualquier actividad que viole los derechos de otros o que se considere inapropiada.<\/li>\n<\/ol>\n<h3>Precisi\u00f3n y confiabilidad del contenido<\/h3>\n<p>La informaci\u00f3n proporcionada en Microneedling Antes y Despu\u00e9s es solo para fines informativos generales. Si bien nos esforzamos por brindar informaci\u00f3n precisa y actualizada, no ofrecemos garant\u00edas de ning\u00fan tipo, expresas o impl\u00edcitas, sobre la integridad, precisi\u00f3n, fiabilidad, idoneidad o disponibilidad del contenido.<\/p>\n<h3>Enlaces y anuncios de terceros<\/h3>\n<p>Microneedling Before &amp; After puede contener enlaces a sitios web y anuncios de terceros. Estos enlaces y anuncios se proporcionan para su comodidad y no implican aprobaci\u00f3n ni responsabilidad por su contenido. No tenemos control sobre el contenido ni la disponibilidad de estos sitios web externos.<\/p>\n<h3>Limitaci\u00f3n de responsabilidad<\/h3>\n<p>Microneedling Before &amp; After, sus empleados o afiliados no ser\u00e1n responsables en ning\u00fan caso de da\u00f1os indirectos, consecuentes, punitivos o especiales derivados de, o relacionados de alguna manera con, el uso de este sitio web. No nos responsabilizamos de ning\u00fan da\u00f1o, p\u00e9rdida o lesi\u00f3n resultante del uso del contenido de este sitio web.<\/p>\n<h3>Indemnizaci\u00f3n<\/h3>\n<p>Usted acepta indemnizar y eximir de responsabilidad a Microneedling Before &amp; After, sus empleados, afiliados y socios de cualquier reclamo, demanda, responsabilidad, costo o gasto, incluidos los honorarios razonables de abogados, que surjan de su uso de este sitio web o de la violaci\u00f3n de estos t\u00e9rminos de uso.<\/p>\n<h3>Divisibilidad<\/h3>\n<p>Si un tribunal de jurisdicci\u00f3n competente determina que alguna disposici\u00f3n de estos t\u00e9rminos de uso no es v\u00e1lida o no se puede hacer cumplir, las disposiciones restantes permanecer\u00e1n en pleno vigor y efecto.<\/p>\n<h3>Variaci\u00f3n de t\u00e9rminos<\/h3>\n<p>Microneedling Before &amp; After puede modificar estas condiciones de uso en cualquier momento sin previo aviso. Al utilizar este sitio web, le recomendamos revisar estas condiciones peri\u00f3dicamente para estar al tanto de cualquier cambio.<\/p>\n<h3>Ley aplicable<\/h3>\n<p>Estos t\u00e9rminos de uso se regir\u00e1n e interpretar\u00e1n de conformidad con las leyes de COREA DEL SUR, y cualquier disputa relacionada con estos t\u00e9rminos estar\u00e1 sujeta a la jurisdicci\u00f3n exclusiva de los tribunales ubicados en COREA DEL SUR.<\/p>\n<h3>Informaci\u00f3n del contacto<\/h3>\n<p>Si tiene alguna pregunta o inquietud con respecto a estos t\u00e9rminos de uso, comun\u00edquese con nosotros a microneedlingbeforeafter@gmail.com.<\/p>","protected":false},"excerpt":{"rendered":"<p>Terms of Use Introduction Welcome to Microneedling Before &amp; After! These terms of use outline the rules and regulations for accessing and using our website. By accessing this website, we assume you accept these terms of use. Please refrain from using this website if you do not agree with all the terms stated below. License &hellip; <a href=\"https:\/\/microneedlingbeforeafter.com\/es\/terms-of-use-3\/\" class=\"more-link\">Continuar leyendo<span class=\"screen-reader-text\"> &#8220;Terms Of Use&#8221;<\/span><\/a><\/p>","protected":false},"author":1,"featured_media":0,"parent":0,"menu_order":0,"comment_status":"closed","ping_status":"closed","template":"","meta":{"footnotes":""},"class_list":["post-45","page","type-page","status-publish","hentry"],"_links":{"self":[{"href":"https:\/\/microneedlingbeforeafter.com\/es\/wp-json\/wp\/v2\/pages\/45","targetHints":{"allow":["GET"]}}],"collection":[{"href":"https:\/\/microneedlingbeforeafter.com\/es\/wp-json\/wp\/v2\/pages"}],"about":[{"href":"https:\/\/microneedlingbeforeafter.com\/es\/wp-json\/wp\/v2\/types\/page"}],"author":[{"embeddable":true,"href":"https:\/\/microneedlingbeforeafter.com\/es\/wp-json\/wp\/v2\/users\/1"}],"replies":[{"embeddable":true,"href":"https:\/\/microneedlingbeforeafter.com\/es\/wp-json\/wp\/v2\/comments?post=45"}],"version-history":[{"count":2,"href":"https:\/\/microneedlingbeforeafter.com\/es\/wp-json\/wp\/v2\/pages\/45\/revisions"}],"predecessor-version":[{"id":98,"href":"https:\/\/microneedlingbeforeafter.com\/es\/wp-json\/wp\/v2\/pages\/45\/revisions\/98"}],"wp:attachment":[{"href":"https:\/\/microneedlingbeforeafter.com\/es\/wp-json\/wp\/v2\/media?parent=45"}],"curies":[{"name":"gracias","href":"https:\/\/api.w.org\/{rel}","templated":true}]}}